{"id":22600,"date":"2021-11-13T14:41:12","date_gmt":"2021-11-13T06:41:12","guid":{"rendered":"https:\/\/worthspark.com\/?post_type=product&#038;p=22600"},"modified":"2021-11-22T16:12:08","modified_gmt":"2021-11-22T08:12:08","slug":"magnetic-wireless-power-bank","status":"publish","type":"product","link":"https:\/\/worthspark.com\/fr\/produit\/magnetic-wireless-power-bank\/","title":{"rendered":"Banque d&#039;alimentation sans fil magn\u00e9tique"},"content":{"rendered":"<p><strong>Banque d&#039;alimentation sans fil magn\u00e9tique<\/strong><\/p>\n<p>5000 mAh super grande capacit\u00e9, longue dur\u00e9e de vie de la batterie, mini forme facile \u00e0 transporter, charge rapide PD, charge sans fil plus rapide, bienvenue pour consulter et personnaliser<\/p>","protected":false},"excerpt":{"rendered":"<p>Num\u00e9ro d&#039;article\u00a0:\u00a0WIC036<\/p>\n<p>Batterie Magsafe<\/p>\n<p>Mat\u00e9riel : ABS+PC<\/p>\n<p>Entr\u00e9e\u00a0: 5\u00a0V 2\u00a0A<\/p>\n<p>Interface d&#039;entr\u00e9e\u00a0: \u00e9clair<\/p>\n<p>Sortie\u00a0: 5\u00a0V 2\u00a0A<\/p>\n<p>Type de batterie\u00a0: batterie au lithium<\/p>\n<p>Capacit\u00e9 de la batterie\u00a0: 5000\u00a0Mah<\/p>\n<p>Taille du produit: 96*64*12mm<\/p>\n<p>Poids du produit : 97g<\/p>\n<p>Taille du paquet: 115*86*26mm<\/p>\n<p>Emballage avec poids du produit\u00a0: 114\u00a0g<\/p>\n<p>Contenu de l&#039;emballage\u00a0: bloc-piles Magsafe, manuel<\/p>\n<p>T\u00e9l\u00e9phone d&#039;assistance\u00a0:<\/p>\n<p>iPhone 13 Pro, iPhone 13 Pro Max iPhone 13 mini, iPhone 13, iPhone 12 Pro, iPhone 12 Pro Max, iPhone 12 mini, iPhone 12<\/p>","protected":false},"featured_media":22632,"template":"","meta":[],"product_cat":[124,139],"product_tag":[],"_links":{"self":[{"href":"https:\/\/worthspark.com\/fr\/wp-json\/wp\/v2\/product\/22600"}],"collection":[{"href":"https:\/\/worthspark.com\/fr\/wp-json\/wp\/v2\/product"}],"about":[{"href":"https:\/\/worthspark.com\/fr\/wp-json\/wp\/v2\/types\/product"}],"wp:featuredmedia":[{"embeddable":true,"href":"https:\/\/worthspark.com\/fr\/wp-json\/wp\/v2\/media\/22632"}],"wp:attachment":[{"href":"https:\/\/worthspark.com\/fr\/wp-json\/wp\/v2\/media?parent=22600"}],"wp:term":[{"taxonomy":"product_cat","embeddable":true,"href":"https:\/\/worthspark.com\/fr\/wp-json\/wp\/v2\/product_cat?post=22600"},{"taxonomy":"product_tag","embeddable":true,"href":"https:\/\/worthspark.com\/fr\/wp-json\/wp\/v2\/product_tag?post=22600"}],"curies":[{"name":"wp","href":"https:\/\/api.w.org\/{rel}","templated":true}]}}