{"id":22832,"date":"2021-12-09T10:15:15","date_gmt":"2021-12-09T02:15:15","guid":{"rendered":"https:\/\/worthspark.com\/?post_type=product&#038;p=22832"},"modified":"2021-12-11T15:58:35","modified_gmt":"2021-12-11T07:58:35","slug":"promo-light-usb-drive","status":"publish","type":"product","link":"https:\/\/worthspark.com\/fr\/produit\/promo-light-usb-drive\/","title":{"rendered":"Cl\u00e9 USB promotionnelle l\u00e9g\u00e8re"},"content":{"rendered":"<p><strong>Cl\u00e9 USB promotionnelle l\u00e9g\u00e8re<\/strong><\/p>\n<p>Acrylic luminous usb drive, luminous fonts to better publicize your company, customizable logo, a variety of memory capacity to choose from, A-level chip, fast transmission speed, is a good choice for promotion<\/p>","protected":false},"excerpt":{"rendered":"<div data-zone-id=\"0\" data-line-index=\"0\">\n<div data-zone-id=\"0\" data-line-index=\"0\">\n<div data-zone-id=\"0\" data-line-index=\"0\">Num\u00e9ro de mod\u00e8le\u00a0: MU1025<\/div>\n<div data-zone-id=\"0\" data-line-index=\"1\">Mat\u00e9riau de la coque : acrylique + m\u00e9tal.<\/div>\n<div data-zone-id=\"0\" data-line-index=\"2\">Taille:62*21.5*6mm<\/div>\n<div data-zone-id=\"0\" data-line-index=\"3\">Poids: 7g<\/div>\n<div data-zone-id=\"0\" data-line-index=\"4\">Capacit\u00e9\u00a0: 1\u00a0Go, 2\u00a0Go, 4\u00a0FB, 8\u00a0Go, 16\u00a0Go, 32\u00a0Go, 64\u00a0Go, 128\u00a0Go, 256\u00a0Go<\/div>\n<div data-zone-id=\"0\" data-line-index=\"5\">Puce m\u00e9moire\u00a0: Samsung\/Toshiba\/Intel\/Hynix<\/div>\n<div data-zone-id=\"0\" data-line-index=\"6\">Logo:Logo personnalis\u00e9<\/div>\n<div data-zone-id=\"0\" data-line-index=\"7\">Type d&#039;interface\u00a0: USB 2.0\/3.0 haute vitesse<\/div>\n<div data-zone-id=\"0\" data-line-index=\"8\">Syst\u00e8me d&#039;exploitation : Windows XP, Windows 7 ou sup\u00e9rieur, Linux<\/div>\n<div data-zone-id=\"0\" data-line-index=\"9\">Certificat : CE, FCC ROHS<\/div>\n<\/div>\n<\/div>","protected":false},"featured_media":22833,"template":"","meta":[],"product_cat":[124,136,123],"product_tag":[],"_links":{"self":[{"href":"https:\/\/worthspark.com\/fr\/wp-json\/wp\/v2\/product\/22832"}],"collection":[{"href":"https:\/\/worthspark.com\/fr\/wp-json\/wp\/v2\/product"}],"about":[{"href":"https:\/\/worthspark.com\/fr\/wp-json\/wp\/v2\/types\/product"}],"wp:featuredmedia":[{"embeddable":true,"href":"https:\/\/worthspark.com\/fr\/wp-json\/wp\/v2\/media\/22833"}],"wp:attachment":[{"href":"https:\/\/worthspark.com\/fr\/wp-json\/wp\/v2\/media?parent=22832"}],"wp:term":[{"taxonomy":"product_cat","embeddable":true,"href":"https:\/\/worthspark.com\/fr\/wp-json\/wp\/v2\/product_cat?post=22832"},{"taxonomy":"product_tag","embeddable":true,"href":"https:\/\/worthspark.com\/fr\/wp-json\/wp\/v2\/product_tag?post=22832"}],"curies":[{"name":"wp","href":"https:\/\/api.w.org\/{rel}","templated":true}]}}