{"id":23543,"date":"2022-07-22T11:11:51","date_gmt":"2022-07-22T03:11:51","guid":{"rendered":"https:\/\/worthspark.com\/?post_type=product&#038;p=23543"},"modified":"2022-07-22T14:24:56","modified_gmt":"2022-07-22T06:24:56","slug":"illuminated-customizable-usb-flash-drive","status":"publish","type":"product","link":"https:\/\/worthspark.com\/fr\/produit\/illuminated-customizable-usb-flash-drive\/","title":{"rendered":"Cl\u00e9 USB personnalisable \u00e9clair\u00e9e"},"content":{"rendered":"","protected":false},"excerpt":{"rendered":"<p>Model Number:MU1072<br \/>\nShell Material:Zincalloy+acrylic<br \/>\nTaille:18*66*6mm<br \/>\nWight:17.5g<br \/>\nCapacit\u00e9\u00a0: 1\u00a0Go, 2\u00a0Go, 4\u00a0FB, 8\u00a0Go, 16\u00a0Go, 32\u00a0Go, 64\u00a0Go, 128\u00a0Go, 256\u00a0Go<br \/>\nPuce m\u00e9moire\u00a0: Samsung\/Toshiba\/Intel\/Hynix<br \/>\nLogo:Logo personnalis\u00e9<br \/>\nType d&#039;interface\u00a0: USB 2.0\/3.0 haute vitesse<br \/>\nSyst\u00e8me d&#039;exploitation : Windows XP, Windows 7 ou sup\u00e9rieur, Linux<br \/>\nCertificat : CE, FCC ROHS<\/p>","protected":false},"featured_media":23551,"template":"","meta":[],"product_cat":[123,124],"product_tag":[],"_links":{"self":[{"href":"https:\/\/worthspark.com\/fr\/wp-json\/wp\/v2\/product\/23543"}],"collection":[{"href":"https:\/\/worthspark.com\/fr\/wp-json\/wp\/v2\/product"}],"about":[{"href":"https:\/\/worthspark.com\/fr\/wp-json\/wp\/v2\/types\/product"}],"wp:featuredmedia":[{"embeddable":true,"href":"https:\/\/worthspark.com\/fr\/wp-json\/wp\/v2\/media\/23551"}],"wp:attachment":[{"href":"https:\/\/worthspark.com\/fr\/wp-json\/wp\/v2\/media?parent=23543"}],"wp:term":[{"taxonomy":"product_cat","embeddable":true,"href":"https:\/\/worthspark.com\/fr\/wp-json\/wp\/v2\/product_cat?post=23543"},{"taxonomy":"product_tag","embeddable":true,"href":"https:\/\/worthspark.com\/fr\/wp-json\/wp\/v2\/product_tag?post=23543"}],"curies":[{"name":"wp","href":"https:\/\/api.w.org\/{rel}","templated":true}]}}