{"id":23700,"date":"2022-11-10T14:55:17","date_gmt":"2022-11-10T06:55:17","guid":{"rendered":"https:\/\/worthspark.com\/?post_type=product&#038;p=23700"},"modified":"2022-11-10T16:01:24","modified_gmt":"2022-11-10T08:01:24","slug":"led-light-up-acrylic-usb-flash-drive","status":"publish","type":"product","link":"https:\/\/worthspark.com\/fr\/produit\/led-light-up-acrylic-usb-flash-drive\/","title":{"rendered":"Cl\u00e9 USB en acrylique \u00e9clair\u00e9e par LED"},"content":{"rendered":"","protected":false},"excerpt":{"rendered":"<p>Num\u00e9ro de mod\u00e8le : MU1086<br \/>\nMat\u00e9riau de la coque : acrylique.<br \/>\nTaille:18*66*6mm<br \/>\nPoids\u00a0: 8,7\u00a0g<br \/>\nCouleur LED : Blanc, rouge, bleu, vert, jaune<br \/>\nCapacit\u00e9\u00a0: 1\u00a0Go, 2\u00a0Go, 4\u00a0FB, 8\u00a0Go, 16\u00a0Go, 32\u00a0Go, 64\u00a0Go, 128\u00a0Go, 256\u00a0Go<br \/>\nPuce m\u00e9moire\u00a0: Samsung\/Toshiba\/Intel\/Hynix<br \/>\nLogo:Logo personnalis\u00e9<br \/>\nType d&#039;interface\u00a0: USB 2.0\/3.0 haute vitesse<br \/>\nSyst\u00e8me d&#039;exploitation : Windows XP, Windows 7 ou sup\u00e9rieur, Linux<br \/>\nCertificat : CE, FCC ROHS<\/p>","protected":false},"featured_media":23708,"template":"","meta":[],"product_cat":[123,124],"product_tag":[144,152],"_links":{"self":[{"href":"https:\/\/worthspark.com\/fr\/wp-json\/wp\/v2\/product\/23700"}],"collection":[{"href":"https:\/\/worthspark.com\/fr\/wp-json\/wp\/v2\/product"}],"about":[{"href":"https:\/\/worthspark.com\/fr\/wp-json\/wp\/v2\/types\/product"}],"wp:featuredmedia":[{"embeddable":true,"href":"https:\/\/worthspark.com\/fr\/wp-json\/wp\/v2\/media\/23708"}],"wp:attachment":[{"href":"https:\/\/worthspark.com\/fr\/wp-json\/wp\/v2\/media?parent=23700"}],"wp:term":[{"taxonomy":"product_cat","embeddable":true,"href":"https:\/\/worthspark.com\/fr\/wp-json\/wp\/v2\/product_cat?post=23700"},{"taxonomy":"product_tag","embeddable":true,"href":"https:\/\/worthspark.com\/fr\/wp-json\/wp\/v2\/product_tag?post=23700"}],"curies":[{"name":"wp","href":"https:\/\/api.w.org\/{rel}","templated":true}]}}