{"id":20437,"date":"2021-07-09T10:10:29","date_gmt":"2021-07-09T02:10:29","guid":{"rendered":"https:\/\/worthspark.com\/?post_type=product&#038;p=20437"},"modified":"2022-07-22T15:56:21","modified_gmt":"2022-07-22T07:56:21","slug":"mini-key-usb","status":"publish","type":"product","link":"https:\/\/worthspark.com\/it\/prodotto\/mini-key-usb\/","title":{"rendered":"Mini chiavette USB sfuse in metallo"},"content":{"rendered":"<p><strong>Mini chiavette metalliche in metallo<\/strong><\/p>\n<p>Questa \u00e8 l&#039;unit\u00e0 flash USB pi\u00f9 popolare sul mercato. La forma in metallo di mini, usb2.\/3.0, chip di livello A, rende la trasmissione pi\u00f9 veloce. La capacit\u00e0 di 2GB-256GB \u00e8 disponibile. \u00c8 ampiamente utilizzato nelle attivit\u00e0 di promozione, cooperazione commerciale, ecc.<\/p>","protected":false},"excerpt":{"rendered":"<div><span class=\"text-only\" data-eleid=\"4\"><strong>Materiale guscio<\/strong>: metallo<\/span><\/div>\n<div><span class=\"text-only\" data-eleid=\"6\"><strong>Taglia<\/strong>: 39*12*4mm<\/span><\/div>\n<div><span class=\"text-only\" data-eleid=\"8\"><strong>Wight<\/strong>: 4g<\/span><\/div>\n<div><span class=\"text-only\" data-eleid=\"10\"><strong>Capacit\u00e0<\/strong>: 1 GB, 2 GB, 4 GB, 8 GB, 16 GB, 32 GB, 64 GB, 128 GB<\/span><\/div>\n<div><span class=\"text-only\" data-eleid=\"12\"><strong>Chip di memoria<\/strong>: Samsung\/Toshiba\/Intel\/Hynix<\/span><\/div>\n<div><span class=\"text-only\" data-eleid=\"14\"><strong>Logo<\/strong>: Logo personalizzato<\/span><\/div>\n<div><span class=\"text-only\" data-eleid=\"16\"><strong>Tipo di interfaccia<\/strong>: USB 2.0\/3.0 ad alta velocit\u00e0<\/span><\/div>\n<div><span class=\"text-only\" data-eleid=\"18\"><strong>Sistema operativo<\/strong>: Windows XP, Windows 7 o superiore, Linux<\/span><\/div>\n<div><span class=\"text-only\" data-eleid=\"20\"><strong>Certificato<\/strong>: CE, FCC ROHS<\/span><\/div>","protected":false},"featured_media":20870,"template":"","meta":[],"product_cat":[124,136,123],"product_tag":[],"_links":{"self":[{"href":"https:\/\/worthspark.com\/it\/wp-json\/wp\/v2\/product\/20437"}],"collection":[{"href":"https:\/\/worthspark.com\/it\/wp-json\/wp\/v2\/product"}],"about":[{"href":"https:\/\/worthspark.com\/it\/wp-json\/wp\/v2\/types\/product"}],"wp:featuredmedia":[{"embeddable":true,"href":"https:\/\/worthspark.com\/it\/wp-json\/wp\/v2\/media\/20870"}],"wp:attachment":[{"href":"https:\/\/worthspark.com\/it\/wp-json\/wp\/v2\/media?parent=20437"}],"wp:term":[{"taxonomy":"product_cat","embeddable":true,"href":"https:\/\/worthspark.com\/it\/wp-json\/wp\/v2\/product_cat?post=20437"},{"taxonomy":"product_tag","embeddable":true,"href":"https:\/\/worthspark.com\/it\/wp-json\/wp\/v2\/product_tag?post=20437"}],"curies":[{"name":"wp","href":"https:\/\/api.w.org\/{rel}","templated":true}]}}