{"id":21185,"date":"2021-08-12T10:45:43","date_gmt":"2021-08-12T02:45:43","guid":{"rendered":"https:\/\/worthspark.com\/?post_type=product&#038;p=21185"},"modified":"2021-11-05T17:34:16","modified_gmt":"2021-11-05T09:34:16","slug":"spin-custom-usb-stick","status":"publish","type":"product","link":"https:\/\/worthspark.com\/it\/prodotto\/spin-custom-usb-stick\/","title":{"rendered":"Spin chiavetta USB personalizzata"},"content":{"rendered":"<p><strong>Spingi la chiavetta USB<\/strong><\/p>\n<p>Spin USB Stick per proteggere meglio il chip interno. Questa chiavetta USB rotante utilizza un chip di grado A con velocit\u00e0 di trasmissione elevata. La capacit\u00e0 \u00e8 di 2 GB-256 GB tra cui scegliere. Supporta la personalizzazione del logo e della confezione. Worthspark si \u00e8 concentrato sulla produzione di regali elettronici per 12 anni. , non esitare a contattarci<\/p>","protected":false},"excerpt":{"rendered":"<div data-zone-id=\"0\" data-line-index=\"1\">Materiale guscio: ABS + metallo<\/div>\n<div data-zone-id=\"0\" data-line-index=\"2\">Dimensioni: 58*20*11mm<\/div>\n<div data-zone-id=\"0\" data-line-index=\"3\">Peso: 12 g<\/div>\n<div data-zone-id=\"0\" data-line-index=\"4\">Capacit\u00e0: 1 GB, 2 GB, 4 FB, 8 GB, 16 GB, 32 GB, 64 GB, 128 GB, 256 GB<\/div>\n<div data-zone-id=\"0\" data-line-index=\"5\">Chip di memoria: Samsung\/Toshiba\/Intel\/Hynix<\/div>\n<div data-zone-id=\"0\" data-line-index=\"6\">Logo: logo personalizzato<\/div>\n<div data-zone-id=\"0\" data-line-index=\"7\">Tipo di interfaccia: USB 2.0\/3.0 ad alta velocit\u00e0<\/div>\n<div data-zone-id=\"0\" data-line-index=\"8\">Sistema operativo: Windows XP, Windows 7 o superiore, Linux<\/div>\n<div data-zone-id=\"0\" data-line-index=\"9\">Certificato: CE, FCC ROHS<\/div>","protected":false},"featured_media":21647,"template":"","meta":[],"product_cat":[123,124,136],"product_tag":[],"_links":{"self":[{"href":"https:\/\/worthspark.com\/it\/wp-json\/wp\/v2\/product\/21185"}],"collection":[{"href":"https:\/\/worthspark.com\/it\/wp-json\/wp\/v2\/product"}],"about":[{"href":"https:\/\/worthspark.com\/it\/wp-json\/wp\/v2\/types\/product"}],"wp:featuredmedia":[{"embeddable":true,"href":"https:\/\/worthspark.com\/it\/wp-json\/wp\/v2\/media\/21647"}],"wp:attachment":[{"href":"https:\/\/worthspark.com\/it\/wp-json\/wp\/v2\/media?parent=21185"}],"wp:term":[{"taxonomy":"product_cat","embeddable":true,"href":"https:\/\/worthspark.com\/it\/wp-json\/wp\/v2\/product_cat?post=21185"},{"taxonomy":"product_tag","embeddable":true,"href":"https:\/\/worthspark.com\/it\/wp-json\/wp\/v2\/product_tag?post=21185"}],"curies":[{"name":"wp","href":"https:\/\/api.w.org\/{rel}","templated":true}]}}