{"id":21194,"date":"2021-08-12T11:07:22","date_gmt":"2021-08-12T03:07:22","guid":{"rendered":"https:\/\/worthspark.com\/?post_type=product&#038;p=21194"},"modified":"2021-11-10T16:59:01","modified_gmt":"2021-11-10T08:59:01","slug":"mini-metal-swivel-usb","status":"publish","type":"product","link":"https:\/\/worthspark.com\/it\/prodotto\/mini-metal-swivel-usb\/","title":{"rendered":"Mini USB girevole in metallo"},"content":{"rendered":"<p><strong>USB girevole in metallo<\/strong><\/p>\n<p>Il design a forma di mini metallo, quando non si utilizza USB, pu\u00f2 nascondere la parte di contatto dell&#039;unit\u00e0 flash USB per proteggere l&#039;unit\u00e0 flash USB, questa unit\u00e0 flash USB utilizza un chip di livello A, \u00e8 disponibile una capacit\u00e0 da 2 GB a 256 GB, logo di supporto e confezione Personalizzato, benvenuto per consultarci<\/p>","protected":false},"excerpt":{"rendered":"<div data-zone-id=\"0\" data-line-index=\"1\">\n<div data-zone-id=\"0\" data-line-index=\"0\">Modello di prodotti: MU659<\/div>\n<\/div>\n<div data-zone-id=\"0\" data-line-index=\"1\">Materiale guscio: metallo<\/div>\n<div data-zone-id=\"0\" data-line-index=\"2\">Dimensioni: 42*18*10mm<\/div>\n<div data-zone-id=\"0\" data-line-index=\"3\">Peso: 25 g<\/div>\n<div data-zone-id=\"0\" data-line-index=\"4\">Capacit\u00e0: 1 GB, 2 GB, 4 FB, 8 GB, 16 GB, 32 GB, 64 GB, 128 GB, 256 GB<\/div>\n<div data-zone-id=\"0\" data-line-index=\"5\">Chip di memoria: Samsung\/Toshiba\/Intel\/Hynix<\/div>\n<div data-zone-id=\"0\" data-line-index=\"6\">Logo: logo personalizzato<\/div>\n<div data-zone-id=\"0\" data-line-index=\"7\">Tipo di interfaccia: USB 2.0\/3.0 ad alta velocit\u00e0<\/div>\n<div data-zone-id=\"0\" data-line-index=\"8\">Sistema operativo: Windows XP, Windows 7 o superiore, Linux<\/div>\n<div data-zone-id=\"0\" data-line-index=\"9\">Certificato: CE, FCC ROHS<\/div>","protected":false},"featured_media":21814,"template":"","meta":[],"product_cat":[123,124,137],"product_tag":[],"_links":{"self":[{"href":"https:\/\/worthspark.com\/it\/wp-json\/wp\/v2\/product\/21194"}],"collection":[{"href":"https:\/\/worthspark.com\/it\/wp-json\/wp\/v2\/product"}],"about":[{"href":"https:\/\/worthspark.com\/it\/wp-json\/wp\/v2\/types\/product"}],"wp:featuredmedia":[{"embeddable":true,"href":"https:\/\/worthspark.com\/it\/wp-json\/wp\/v2\/media\/21814"}],"wp:attachment":[{"href":"https:\/\/worthspark.com\/it\/wp-json\/wp\/v2\/media?parent=21194"}],"wp:term":[{"taxonomy":"product_cat","embeddable":true,"href":"https:\/\/worthspark.com\/it\/wp-json\/wp\/v2\/product_cat?post=21194"},{"taxonomy":"product_tag","embeddable":true,"href":"https:\/\/worthspark.com\/it\/wp-json\/wp\/v2\/product_tag?post=21194"}],"curies":[{"name":"wp","href":"https:\/\/api.w.org\/{rel}","templated":true}]}}