{"id":21195,"date":"2021-08-12T11:10:04","date_gmt":"2021-08-12T03:10:04","guid":{"rendered":"https:\/\/worthspark.com\/?post_type=product&#038;p=21195"},"modified":"2021-11-10T16:56:50","modified_gmt":"2021-11-10T08:56:50","slug":"push-pull-metal-usb-disk","status":"publish","type":"product","link":"https:\/\/worthspark.com\/it\/prodotto\/push-pull-metal-usb-disk\/","title":{"rendered":"Disco USB in metallo push-pull"},"content":{"rendered":"<p><strong>Disco USB in metallo push-pull<\/strong><\/p>\n<p>Il design a forma mini ti consente di nascondere la parte di contatto dell&#039;unit\u00e0 flash USB all&#039;interno dell&#039;unit\u00e0 flash USB quando non la usi e non sembrer\u00e0 troppo grande quando la infili sul portachiavi. Questa unit\u00e0 flash USB utilizza un chip di livello A con una capacit\u00e0 di 2 GB-256 GB. Per la scelta, il logo di supporto e la personalizzazione della confezione, non esitare a consultarci<\/p>","protected":false},"excerpt":{"rendered":"<div data-zone-id=\"0\" data-line-index=\"1\">\n<div data-zone-id=\"0\" data-line-index=\"0\">Modello di prodotti: MU739<\/div>\n<\/div>\n<div data-zone-id=\"0\" data-line-index=\"1\">Materiale guscio: metallo<\/div>\n<div data-zone-id=\"0\" data-line-index=\"2\">Dimensioni: 33*20*7mm<\/div>\n<div data-zone-id=\"0\" data-line-index=\"3\">Peso: 7 g<\/div>\n<div data-zone-id=\"0\" data-line-index=\"4\">Capacit\u00e0: 1 GB, 2 GB, 4 FB, 8 GB, 16 GB, 32 GB, 64 GB, 128 GB, 256 GB<\/div>\n<div data-zone-id=\"0\" data-line-index=\"5\">Chip di memoria: Samsung\/Toshiba\/Intel\/Hynix<\/div>\n<div data-zone-id=\"0\" data-line-index=\"6\">Logo: logo personalizzato<\/div>\n<div data-zone-id=\"0\" data-line-index=\"7\">Tipo di interfaccia: USB 2.0\/3.0 ad alta velocit\u00e0<\/div>\n<div data-zone-id=\"0\" data-line-index=\"8\">Sistema operativo: Windows XP, Windows 7 o superiore, Linux<\/div>\n<div data-zone-id=\"0\" data-line-index=\"9\">\n<p>Certificato: CE, FCC ROHS<\/p>\n<div data-zone-id=\"0\" data-line-index=\"0\">Numero di modello: MU739<\/div>\n<div data-zone-id=\"0\" data-line-index=\"1\">Materiale guscio: metallo<\/div>\n<div data-zone-id=\"0\" data-line-index=\"2\">Dimensioni: 33*20*7mm<\/div>\n<div data-zone-id=\"0\" data-line-index=\"3\">Peso: 7 g<\/div>\n<div data-zone-id=\"0\" data-line-index=\"4\">Capacit\u00e0: 1 GB, 2 GB, 4 FB, 8 GB, 16 GB, 32 GB, 64 GB, 128 GB, 256 GB<\/div>\n<div data-zone-id=\"0\" data-line-index=\"5\">Chip di memoria: Samsung\/Toshiba\/Intel\/Hynix<\/div>\n<div data-zone-id=\"0\" data-line-index=\"6\">Logo: logo personalizzato<\/div>\n<div data-zone-id=\"0\" data-line-index=\"7\">Tipo di interfaccia: USB 2.0\/3.0 ad alta velocit\u00e0<\/div>\n<div data-zone-id=\"0\" data-line-index=\"8\">Sistema operativo: Windows XP, Windows 7 o superiore, Linux<\/div>\n<div data-zone-id=\"0\" data-line-index=\"9\">Certificato: CE, FCC ROHS<\/div>\n<\/div>","protected":false},"featured_media":21820,"template":"","meta":[],"product_cat":[123,124,137],"product_tag":[],"_links":{"self":[{"href":"https:\/\/worthspark.com\/it\/wp-json\/wp\/v2\/product\/21195"}],"collection":[{"href":"https:\/\/worthspark.com\/it\/wp-json\/wp\/v2\/product"}],"about":[{"href":"https:\/\/worthspark.com\/it\/wp-json\/wp\/v2\/types\/product"}],"wp:featuredmedia":[{"embeddable":true,"href":"https:\/\/worthspark.com\/it\/wp-json\/wp\/v2\/media\/21820"}],"wp:attachment":[{"href":"https:\/\/worthspark.com\/it\/wp-json\/wp\/v2\/media?parent=21195"}],"wp:term":[{"taxonomy":"product_cat","embeddable":true,"href":"https:\/\/worthspark.com\/it\/wp-json\/wp\/v2\/product_cat?post=21195"},{"taxonomy":"product_tag","embeddable":true,"href":"https:\/\/worthspark.com\/it\/wp-json\/wp\/v2\/product_tag?post=21195"}],"curies":[{"name":"wp","href":"https:\/\/api.w.org\/{rel}","templated":true}]}}