{"id":21198,"date":"2021-08-12T11:16:45","date_gmt":"2021-08-12T03:16:45","guid":{"rendered":"https:\/\/worthspark.com\/?post_type=product&#038;p=21198"},"modified":"2021-11-10T16:50:55","modified_gmt":"2021-11-10T08:50:55","slug":"custom-metal-card-usb","status":"publish","type":"product","link":"https:\/\/worthspark.com\/it\/prodotto\/custom-metal-card-usb\/","title":{"rendered":"Scheda di metallo personalizzata USB"},"content":{"rendered":"<p><strong>Scheda di metallo USB<\/strong><\/p>\n<p>Il design del guscio in metallo pu\u00f2 proteggere meglio l&#039;unit\u00e0 flash USB. L&#039;unit\u00e0 flash USB della carta di credito \u00e8 facile da trasportare nel portafoglio. Logo e informazioni promozionali possono essere stampati sulla carta. \u00c8 una buona scelta per la promozione, la cooperazione commerciale e i biglietti da visita. L&#039;unit\u00e0 flash USB ha un chip di grado A integrato, \u00e8 disponibile una capacit\u00e0 di 2 GB-256 GB, benvenuto per la consultazione e la personalizzazione<\/p>","protected":false},"excerpt":{"rendered":"<div data-zone-id=\"0\" data-line-index=\"1\">\n<div data-zone-id=\"0\" data-line-index=\"0\">Modello di prodotti: MU829<\/div>\n<\/div>\n<div data-zone-id=\"0\" data-line-index=\"1\">Materiale guscio: metallo<\/div>\n<div data-zone-id=\"0\" data-line-index=\"2\">Dimensioni: 87*55*2.5mm<\/div>\n<div data-zone-id=\"0\" data-line-index=\"3\">Peso: 16 g<\/div>\n<div data-zone-id=\"0\" data-line-index=\"4\">Capacit\u00e0: 1 GB, 2 GB, 4 FB, 8 GB, 16 GB, 32 GB, 64 GB, 128 GB, 256 GB<\/div>\n<div data-zone-id=\"0\" data-line-index=\"5\">Chip di memoria: Samsung\/Toshiba\/Intel\/Hynix<\/div>\n<div data-zone-id=\"0\" data-line-index=\"6\">Logo: logo personalizzato<\/div>\n<div data-zone-id=\"0\" data-line-index=\"7\">Tipo di interfaccia: USB 2.0\/3.0 ad alta velocit\u00e0<\/div>\n<div data-zone-id=\"0\" data-line-index=\"8\">Sistema operativo: Windows XP, Windows 7 o superiore, Linux<\/div>\n<div data-zone-id=\"0\" data-line-index=\"9\">Certificato: CE, FCC ROHS<\/div>","protected":false},"featured_media":21828,"template":"","meta":[],"product_cat":[124,137,123],"product_tag":[],"_links":{"self":[{"href":"https:\/\/worthspark.com\/it\/wp-json\/wp\/v2\/product\/21198"}],"collection":[{"href":"https:\/\/worthspark.com\/it\/wp-json\/wp\/v2\/product"}],"about":[{"href":"https:\/\/worthspark.com\/it\/wp-json\/wp\/v2\/types\/product"}],"wp:featuredmedia":[{"embeddable":true,"href":"https:\/\/worthspark.com\/it\/wp-json\/wp\/v2\/media\/21828"}],"wp:attachment":[{"href":"https:\/\/worthspark.com\/it\/wp-json\/wp\/v2\/media?parent=21198"}],"wp:term":[{"taxonomy":"product_cat","embeddable":true,"href":"https:\/\/worthspark.com\/it\/wp-json\/wp\/v2\/product_cat?post=21198"},{"taxonomy":"product_tag","embeddable":true,"href":"https:\/\/worthspark.com\/it\/wp-json\/wp\/v2\/product_tag?post=21198"}],"curies":[{"name":"wp","href":"https:\/\/api.w.org\/{rel}","templated":true}]}}