{"id":21202,"date":"2021-08-12T11:23:02","date_gmt":"2021-08-12T03:23:02","guid":{"rendered":"https:\/\/worthspark.com\/?post_type=product&#038;p=21202"},"modified":"2021-11-10T16:47:36","modified_gmt":"2021-11-10T08:47:36","slug":"micro-flip-wallet-card-usb","status":"publish","type":"product","link":"https:\/\/worthspark.com\/it\/prodotto\/micro-flip-wallet-card-usb\/","title":{"rendered":"Scheda USB Micro Flip Wallet"},"content":{"rendered":"<p><strong>Flip Portafoglio USB Card<\/strong><\/p>\n<p>La scheda e l&#039;unit\u00e0 flash USB sono integrate. L&#039;unit\u00e0 flash USB della carta di credito \u00e8 comoda da portare nel portafoglio. Logo e informazioni promozionali possono essere stampati sulla carta. \u00c8 una buona scelta per la promozione, la cooperazione commerciale e i biglietti da visita. La scheda USB Flip Wallet ha un chip di livello A integrato, \u00e8 disponibile una capacit\u00e0 da 2 GB a 256 GB, benvenuto per la consultazione e la personalizzazione<\/p>\n<p>&nbsp;<\/p>","protected":false},"excerpt":{"rendered":"<div data-zone-id=\"0\" data-line-index=\"0\">\n<div data-zone-id=\"0\" data-line-index=\"0\">Modello prodotti\uff1aMU204<\/div>\n<\/div>\n<div data-zone-id=\"0\" data-line-index=\"0\">Materiale guscio: ABS<\/div>\n<div data-zone-id=\"0\" data-line-index=\"1\">Dimensioni: 84*52*3mm<\/div>\n<div data-zone-id=\"0\" data-line-index=\"2\">Peso: 10 g<\/div>\n<div data-zone-id=\"0\" data-line-index=\"3\">Capacit\u00e0: 1 GB, 2 GB, 4 FB, 8 GB, 16 GB, 32 GB, 64 GB, 128 GB, 256 GB<\/div>\n<div data-zone-id=\"0\" data-line-index=\"4\">Chip di memoria: Samsung\/Toshiba\/Intel\/Hynix<\/div>\n<div data-zone-id=\"0\" data-line-index=\"5\">Logo: logo personalizzato<\/div>\n<div data-zone-id=\"0\" data-line-index=\"6\">Tipo di interfaccia: USB 2.0\/3.0 ad alta velocit\u00e0<\/div>\n<div data-zone-id=\"0\" data-line-index=\"7\">Sistema operativo: Windows XP, Windows 7 o superiore, Linux<\/div>\n<div data-zone-id=\"0\" data-line-index=\"8\">Certificato: CE, FCC ROHS<\/div>","protected":false},"featured_media":21698,"template":"","meta":[],"product_cat":[123,124,136],"product_tag":[],"_links":{"self":[{"href":"https:\/\/worthspark.com\/it\/wp-json\/wp\/v2\/product\/21202"}],"collection":[{"href":"https:\/\/worthspark.com\/it\/wp-json\/wp\/v2\/product"}],"about":[{"href":"https:\/\/worthspark.com\/it\/wp-json\/wp\/v2\/types\/product"}],"wp:featuredmedia":[{"embeddable":true,"href":"https:\/\/worthspark.com\/it\/wp-json\/wp\/v2\/media\/21698"}],"wp:attachment":[{"href":"https:\/\/worthspark.com\/it\/wp-json\/wp\/v2\/media?parent=21202"}],"wp:term":[{"taxonomy":"product_cat","embeddable":true,"href":"https:\/\/worthspark.com\/it\/wp-json\/wp\/v2\/product_cat?post=21202"},{"taxonomy":"product_tag","embeddable":true,"href":"https:\/\/worthspark.com\/it\/wp-json\/wp\/v2\/product_tag?post=21202"}],"curies":[{"name":"wp","href":"https:\/\/api.w.org\/{rel}","templated":true}]}}