{"id":21205,"date":"2021-08-12T11:28:22","date_gmt":"2021-08-12T03:28:22","guid":{"rendered":"https:\/\/worthspark.com\/?post_type=product&#038;p=21205"},"modified":"2021-11-10T16:40:34","modified_gmt":"2021-11-10T08:40:34","slug":"key-usb-flash-drive","status":"publish","type":"product","link":"https:\/\/worthspark.com\/it\/prodotto\/key-usb-flash-drive\/","title":{"rendered":"Chiavetta USB Flash Drive"},"content":{"rendered":"<p><strong>Chiavetta USB Flash Drive<\/strong><\/p>\n<p>La pendrive a forma di chiave, il design del portachiavi \u00e8 facile da trasportare, il chip di livello A viene fornito con usb2.0\/3.0, in modo che la velocit\u00e0 di trasmissione dell&#039;unit\u00e0 flash USB sia pi\u00f9 veloce. Il prezzo \u00e8 economico, \u00e8 una buona scelta per la promozione di eventi, benvenuto per consultare e personalizzare<\/p>","protected":false},"excerpt":{"rendered":"<div data-zone-id=\"0\" data-line-index=\"0\">\n<div data-zone-id=\"0\" data-line-index=\"0\">Modello di prodotti: MU218<\/div>\n<\/div>\n<div data-zone-id=\"0\" data-line-index=\"0\">Materiale guscio: metallo<\/div>\n<div data-zone-id=\"0\" data-line-index=\"1\">Dimensioni: 56*23*4mm<\/div>\n<div data-zone-id=\"0\" data-line-index=\"2\">Peso: 5 g<\/div>\n<div data-zone-id=\"0\" data-line-index=\"3\">Capacit\u00e0: 1 GB, 2 GB, 4 FB, 8 GB, 16 GB, 32 GB, 64 GB, 128 GB, 256 GB<\/div>\n<div data-zone-id=\"0\" data-line-index=\"4\">Chip di memoria: Samsung\/Toshiba\/Intel\/Hynix<\/div>\n<div data-zone-id=\"0\" data-line-index=\"5\">Logo: logo personalizzato<\/div>\n<div data-zone-id=\"0\" data-line-index=\"6\">Tipo di interfaccia: USB 2.0\/3.0 ad alta velocit\u00e0<\/div>\n<div data-zone-id=\"0\" data-line-index=\"7\">Sistema operativo: Windows XP, Windows 7 o superiore, Linux<\/div>\n<div data-zone-id=\"0\" data-line-index=\"8\">Certificato: CE, FCC ROHS<\/div>","protected":false},"featured_media":21714,"template":"","meta":[],"product_cat":[124,136,123],"product_tag":[],"_links":{"self":[{"href":"https:\/\/worthspark.com\/it\/wp-json\/wp\/v2\/product\/21205"}],"collection":[{"href":"https:\/\/worthspark.com\/it\/wp-json\/wp\/v2\/product"}],"about":[{"href":"https:\/\/worthspark.com\/it\/wp-json\/wp\/v2\/types\/product"}],"wp:featuredmedia":[{"embeddable":true,"href":"https:\/\/worthspark.com\/it\/wp-json\/wp\/v2\/media\/21714"}],"wp:attachment":[{"href":"https:\/\/worthspark.com\/it\/wp-json\/wp\/v2\/media?parent=21205"}],"wp:term":[{"taxonomy":"product_cat","embeddable":true,"href":"https:\/\/worthspark.com\/it\/wp-json\/wp\/v2\/product_cat?post=21205"},{"taxonomy":"product_tag","embeddable":true,"href":"https:\/\/worthspark.com\/it\/wp-json\/wp\/v2\/product_tag?post=21205"}],"curies":[{"name":"wp","href":"https:\/\/api.w.org\/{rel}","templated":true}]}}