{"id":21208,"date":"2021-08-12T11:36:56","date_gmt":"2021-08-12T03:36:56","guid":{"rendered":"https:\/\/worthspark.com\/?post_type=product&#038;p=21208"},"modified":"2021-11-10T16:34:08","modified_gmt":"2021-11-10T08:34:08","slug":"pen-usb-manufacturer","status":"publish","type":"product","link":"https:\/\/worthspark.com\/it\/prodotto\/pen-usb-manufacturer\/","title":{"rendered":"Penna USB Thumb Drive"},"content":{"rendered":"<p><strong>Penna USB Thumb Drive<\/strong><\/p>\n<p>Chiavetta USB a forma di penna, che integra penna e chiavetta, \u00e8 comoda da trasportare, chip di livello A, USB 2.0\/3.0, velocit\u00e0 di trasmissione elevata, una variet\u00e0 di capacit\u00e0 tra cui scegliere, adatta per la cooperazione aziendale, benvenuto per la consultazione e personalizza<\/p>","protected":false},"excerpt":{"rendered":"<div data-zone-id=\"0\" data-line-index=\"0\">\n<div data-zone-id=\"0\" data-line-index=\"0\">Modello prodotti\uff1aMU085<\/div>\n<\/div>\n<div data-zone-id=\"0\" data-line-index=\"0\">Materiale guscio: metallo<\/div>\n<div data-zone-id=\"0\" data-line-index=\"1\">Dimensioni: 145*14*14 mm<\/div>\n<div data-zone-id=\"0\" data-line-index=\"2\">Peso: 18 g<\/div>\n<div data-zone-id=\"0\" data-line-index=\"3\">Capacit\u00e0: 1 GB, 2 GB, 4 FB, 8 GB, 16 GB, 32 GB, 64 GB, 128 GB, 256 GB<\/div>\n<div data-zone-id=\"0\" data-line-index=\"4\">Chip di memoria: Samsung\/Toshiba\/Intel\/Hynix<\/div>\n<div data-zone-id=\"0\" data-line-index=\"5\">Logo: logo personalizzato<\/div>\n<div data-zone-id=\"0\" data-line-index=\"6\">Tipo di interfaccia: USB 2.0\/3.0 ad alta velocit\u00e0<\/div>\n<div data-zone-id=\"0\" data-line-index=\"7\">Sistema operativo: Windows XP, Windows 7 o superiore, Linux<\/div>\n<div data-zone-id=\"0\" data-line-index=\"8\">Certificato: CE, FCC ROHS<\/div>","protected":false},"featured_media":21754,"template":"","meta":[],"product_cat":[124,136,123],"product_tag":[],"_links":{"self":[{"href":"https:\/\/worthspark.com\/it\/wp-json\/wp\/v2\/product\/21208"}],"collection":[{"href":"https:\/\/worthspark.com\/it\/wp-json\/wp\/v2\/product"}],"about":[{"href":"https:\/\/worthspark.com\/it\/wp-json\/wp\/v2\/types\/product"}],"wp:featuredmedia":[{"embeddable":true,"href":"https:\/\/worthspark.com\/it\/wp-json\/wp\/v2\/media\/21754"}],"wp:attachment":[{"href":"https:\/\/worthspark.com\/it\/wp-json\/wp\/v2\/media?parent=21208"}],"wp:term":[{"taxonomy":"product_cat","embeddable":true,"href":"https:\/\/worthspark.com\/it\/wp-json\/wp\/v2\/product_cat?post=21208"},{"taxonomy":"product_tag","embeddable":true,"href":"https:\/\/worthspark.com\/it\/wp-json\/wp\/v2\/product_tag?post=21208"}],"curies":[{"name":"wp","href":"https:\/\/api.w.org\/{rel}","templated":true}]}}