{"id":20437,"date":"2021-07-09T10:10:29","date_gmt":"2021-07-09T02:10:29","guid":{"rendered":"https:\/\/worthspark.com\/?post_type=product&#038;p=20437"},"modified":"2022-07-22T15:56:21","modified_gmt":"2022-07-22T07:56:21","slug":"mini-key-usb","status":"publish","type":"product","link":"https:\/\/worthspark.com\/pt\/produto\/mini-key-usb\/","title":{"rendered":"Mini flash drives de metal"},"content":{"rendered":"<p><strong>Mini flash drives de metal<\/strong><\/p>\n<p>Esta \u00e9 a unidade flash USB mais popular do mercado. A forma de metal do mini, usb2.\/3.0, chip de n\u00edvel A, torna a transmiss\u00e3o mais r\u00e1pida. A capacidade de 2GB-256GB est\u00e1 dispon\u00edvel. \u00c9 amplamente utilizado em atividades de promo\u00e7\u00e3o, coopera\u00e7\u00e3o comercial, etc., worthspark Foco na fabrica\u00e7\u00e3o de Flash Drives a granel e outros presentes eletr\u00f4nicos por 12 anos, bem-vindo para personalizar<\/p>","protected":false},"excerpt":{"rendered":"<div><span class=\"text-only\" data-eleid=\"4\"><strong>Material de Concha<\/strong>: metal<\/span><\/div>\n<div><span class=\"text-only\" data-eleid=\"6\"><strong>Tamanho<\/strong>: 39 * 12 * 4 mm<\/span><\/div>\n<div><span class=\"text-only\" data-eleid=\"8\"><strong>Wight<\/strong>: 4g<\/span><\/div>\n<div><span class=\"text-only\" data-eleid=\"10\"><strong>Capacidade<\/strong>: 1 GB, 2 GB, 4 GB, 8 GB, 16 GB, 32 GB, 64 GB, 128 GB<\/span><\/div>\n<div><span class=\"text-only\" data-eleid=\"12\"><strong>Chip de mem\u00f3ria<\/strong>: Samsung \/ Toshiba \/ Intel \/ Hynix<\/span><\/div>\n<div><span class=\"text-only\" data-eleid=\"14\"><strong>Logotipo<\/strong>: Logotipo personalizado<\/span><\/div>\n<div><span class=\"text-only\" data-eleid=\"16\"><strong>Tipo de Interface<\/strong>: USB 2.0 \/ 3.0 de alta velocidade<\/span><\/div>\n<div><span class=\"text-only\" data-eleid=\"18\"><strong>Sistema operacional<\/strong>: Windows XP, Windows 7 ou superior, Linux<\/span><\/div>\n<div><span class=\"text-only\" data-eleid=\"20\"><strong>Certificado<\/strong>: CE, FCC ROHS<\/span><\/div>","protected":false},"featured_media":20870,"template":"","meta":[],"product_cat":[124,136,123],"product_tag":[],"_links":{"self":[{"href":"https:\/\/worthspark.com\/pt\/wp-json\/wp\/v2\/product\/20437"}],"collection":[{"href":"https:\/\/worthspark.com\/pt\/wp-json\/wp\/v2\/product"}],"about":[{"href":"https:\/\/worthspark.com\/pt\/wp-json\/wp\/v2\/types\/product"}],"wp:featuredmedia":[{"embeddable":true,"href":"https:\/\/worthspark.com\/pt\/wp-json\/wp\/v2\/media\/20870"}],"wp:attachment":[{"href":"https:\/\/worthspark.com\/pt\/wp-json\/wp\/v2\/media?parent=20437"}],"wp:term":[{"taxonomy":"product_cat","embeddable":true,"href":"https:\/\/worthspark.com\/pt\/wp-json\/wp\/v2\/product_cat?post=20437"},{"taxonomy":"product_tag","embeddable":true,"href":"https:\/\/worthspark.com\/pt\/wp-json\/wp\/v2\/product_tag?post=20437"}],"curies":[{"name":"wp","href":"https:\/\/api.w.org\/{rel}","templated":true}]}}