{"id":21194,"date":"2021-08-12T11:07:22","date_gmt":"2021-08-12T03:07:22","guid":{"rendered":"https:\/\/worthspark.com\/?post_type=product&#038;p=21194"},"modified":"2021-11-10T16:59:01","modified_gmt":"2021-11-10T08:59:01","slug":"mini-metal-swivel-usb","status":"publish","type":"product","link":"https:\/\/worthspark.com\/pt\/produto\/mini-metal-swivel-usb\/","title":{"rendered":"Mini metal girat\u00f3rio USB"},"content":{"rendered":"<p><strong>Metal Swivel USB<\/strong><\/p>\n<p>O design em forma de mini metal, quando n\u00e3o estiver usando usb, pode ocultar a parte de contato da unidade flash USB para proteger a unidade flash USB, esta unidade flash USB usa chip de n\u00edvel A, 2GB-256GB de capacidade est\u00e1 dispon\u00edvel, logotipo de suporte e embalagem Personalizado, bem-vindo para nos consultar<\/p>","protected":false},"excerpt":{"rendered":"<div data-zone-id=\"0\" data-line-index=\"1\">\n<div data-zone-id=\"0\" data-line-index=\"0\">Modelo de produtos: MU659<\/div>\n<\/div>\n<div data-zone-id=\"0\" data-line-index=\"1\">Material da Concha: Metal<\/div>\n<div data-zone-id=\"0\" data-line-index=\"2\">Tamanho: 42 * 18 * 10 mm<\/div>\n<div data-zone-id=\"0\" data-line-index=\"3\">Peso: 25g<\/div>\n<div data-zone-id=\"0\" data-line-index=\"4\">Capacidade: 1 GB, 2 GB, 4FB, 8 GB, 16 GB, 32 GB, 64 GB, 128 GB, 256 GB<\/div>\n<div data-zone-id=\"0\" data-line-index=\"5\">Chip de mem\u00f3ria: Samsung \/ Toshiba \/ Intel \/ Hynix<\/div>\n<div data-zone-id=\"0\" data-line-index=\"6\">Logotipo: logotipo personalizado<\/div>\n<div data-zone-id=\"0\" data-line-index=\"7\">Tipo de interface: USB 2.0 \/ 3.0 de alta velocidade<\/div>\n<div data-zone-id=\"0\" data-line-index=\"8\">Sistema operacional: Windows XP, Windows 7 ou superior, Linux<\/div>\n<div data-zone-id=\"0\" data-line-index=\"9\">Certificado: CE, FCC ROHS<\/div>","protected":false},"featured_media":21814,"template":"","meta":[],"product_cat":[123,124,137],"product_tag":[],"_links":{"self":[{"href":"https:\/\/worthspark.com\/pt\/wp-json\/wp\/v2\/product\/21194"}],"collection":[{"href":"https:\/\/worthspark.com\/pt\/wp-json\/wp\/v2\/product"}],"about":[{"href":"https:\/\/worthspark.com\/pt\/wp-json\/wp\/v2\/types\/product"}],"wp:featuredmedia":[{"embeddable":true,"href":"https:\/\/worthspark.com\/pt\/wp-json\/wp\/v2\/media\/21814"}],"wp:attachment":[{"href":"https:\/\/worthspark.com\/pt\/wp-json\/wp\/v2\/media?parent=21194"}],"wp:term":[{"taxonomy":"product_cat","embeddable":true,"href":"https:\/\/worthspark.com\/pt\/wp-json\/wp\/v2\/product_cat?post=21194"},{"taxonomy":"product_tag","embeddable":true,"href":"https:\/\/worthspark.com\/pt\/wp-json\/wp\/v2\/product_tag?post=21194"}],"curies":[{"name":"wp","href":"https:\/\/api.w.org\/{rel}","templated":true}]}}