{"id":21195,"date":"2021-08-12T11:10:04","date_gmt":"2021-08-12T03:10:04","guid":{"rendered":"https:\/\/worthspark.com\/?post_type=product&#038;p=21195"},"modified":"2021-11-10T16:56:50","modified_gmt":"2021-11-10T08:56:50","slug":"push-pull-metal-usb-disk","status":"publish","type":"product","link":"https:\/\/worthspark.com\/pt\/produto\/push-pull-metal-usb-disk\/","title":{"rendered":"Disco USB de metal push-pull"},"content":{"rendered":"<p><strong>Disco USB de metal push-pull<\/strong><\/p>\n<p>O design de formato mini permite que voc\u00ea esconda a parte de contato da unidade flash USB dentro da unidade flash USB quando voc\u00ea n\u00e3o a usar, e n\u00e3o parecer\u00e1 muito grande quando voc\u00ea prend\u00ea-la no chaveiro. Esta unidade flash USB usa um chip de n\u00edvel A com capacidade de 2 GB-256 GB. Para escolha, suporte a personaliza\u00e7\u00e3o de logotipo e embalagem, bem-vindo para nos consultar<\/p>","protected":false},"excerpt":{"rendered":"<div data-zone-id=\"0\" data-line-index=\"1\">\n<div data-zone-id=\"0\" data-line-index=\"0\">Modelo de produtos: MU739<\/div>\n<\/div>\n<div data-zone-id=\"0\" data-line-index=\"1\">Material da Concha: Metal<\/div>\n<div data-zone-id=\"0\" data-line-index=\"2\">Tamanho: 33 * 20 * 7 mm<\/div>\n<div data-zone-id=\"0\" data-line-index=\"3\">Peso: 7g<\/div>\n<div data-zone-id=\"0\" data-line-index=\"4\">Capacidade: 1 GB, 2 GB, 4FB, 8 GB, 16 GB, 32 GB, 64 GB, 128 GB, 256 GB<\/div>\n<div data-zone-id=\"0\" data-line-index=\"5\">Chip de mem\u00f3ria: Samsung \/ Toshiba \/ Intel \/ Hynix<\/div>\n<div data-zone-id=\"0\" data-line-index=\"6\">Logotipo: logotipo personalizado<\/div>\n<div data-zone-id=\"0\" data-line-index=\"7\">Tipo de interface: USB 2.0 \/ 3.0 de alta velocidade<\/div>\n<div data-zone-id=\"0\" data-line-index=\"8\">Sistema operacional: Windows XP, Windows 7 ou superior, Linux<\/div>\n<div data-zone-id=\"0\" data-line-index=\"9\">\n<p>Certificado: CE, FCC ROHS<\/p>\n<div data-zone-id=\"0\" data-line-index=\"0\">N\u00famero do modelo: MU739<\/div>\n<div data-zone-id=\"0\" data-line-index=\"1\">Material da Concha: Metal<\/div>\n<div data-zone-id=\"0\" data-line-index=\"2\">Tamanho: 33 * 20 * 7 mm<\/div>\n<div data-zone-id=\"0\" data-line-index=\"3\">Peso: 7g<\/div>\n<div data-zone-id=\"0\" data-line-index=\"4\">Capacidade: 1 GB, 2 GB, 4FB, 8 GB, 16 GB, 32 GB, 64 GB, 128 GB, 256 GB<\/div>\n<div data-zone-id=\"0\" data-line-index=\"5\">Chip de mem\u00f3ria: Samsung \/ Toshiba \/ Intel \/ Hynix<\/div>\n<div data-zone-id=\"0\" data-line-index=\"6\">Logotipo: logotipo personalizado<\/div>\n<div data-zone-id=\"0\" data-line-index=\"7\">Tipo de interface: USB 2.0 \/ 3.0 de alta velocidade<\/div>\n<div data-zone-id=\"0\" data-line-index=\"8\">Sistema operacional: Windows XP, Windows 7 ou superior, Linux<\/div>\n<div data-zone-id=\"0\" data-line-index=\"9\">Certificado: CE, FCC ROHS<\/div>\n<\/div>","protected":false},"featured_media":21820,"template":"","meta":[],"product_cat":[123,124,137],"product_tag":[],"_links":{"self":[{"href":"https:\/\/worthspark.com\/pt\/wp-json\/wp\/v2\/product\/21195"}],"collection":[{"href":"https:\/\/worthspark.com\/pt\/wp-json\/wp\/v2\/product"}],"about":[{"href":"https:\/\/worthspark.com\/pt\/wp-json\/wp\/v2\/types\/product"}],"wp:featuredmedia":[{"embeddable":true,"href":"https:\/\/worthspark.com\/pt\/wp-json\/wp\/v2\/media\/21820"}],"wp:attachment":[{"href":"https:\/\/worthspark.com\/pt\/wp-json\/wp\/v2\/media?parent=21195"}],"wp:term":[{"taxonomy":"product_cat","embeddable":true,"href":"https:\/\/worthspark.com\/pt\/wp-json\/wp\/v2\/product_cat?post=21195"},{"taxonomy":"product_tag","embeddable":true,"href":"https:\/\/worthspark.com\/pt\/wp-json\/wp\/v2\/product_tag?post=21195"}],"curies":[{"name":"wp","href":"https:\/\/api.w.org\/{rel}","templated":true}]}}