{"id":21198,"date":"2021-08-12T11:16:45","date_gmt":"2021-08-12T03:16:45","guid":{"rendered":"https:\/\/worthspark.com\/?post_type=product&#038;p=21198"},"modified":"2021-11-10T16:50:55","modified_gmt":"2021-11-10T08:50:55","slug":"custom-metal-card-usb","status":"publish","type":"product","link":"https:\/\/worthspark.com\/pt\/produto\/custom-metal-card-usb\/","title":{"rendered":"Cart\u00e3o de Metal Personalizado USB"},"content":{"rendered":"<p><strong>Cart\u00e3o de metal USB<\/strong><\/p>\n<p>O design da concha de metal pode proteger melhor a unidade flash USB. A unidade flash USB do cart\u00e3o de cr\u00e9dito \u00e9 f\u00e1cil de transportar na carteira. O logotipo e as informa\u00e7\u00f5es promocionais podem ser impressos no cart\u00e3o. \u00c9 uma boa op\u00e7\u00e3o para promo\u00e7\u00e3o, coopera\u00e7\u00e3o empresarial e cart\u00f5es de visita. A unidade flash USB possui um chip A Grade integrado, com capacidade de 2GB-256GB dispon\u00edvel, bem-vindo para consultar e personalizar<\/p>","protected":false},"excerpt":{"rendered":"<div data-zone-id=\"0\" data-line-index=\"1\">\n<div data-zone-id=\"0\" data-line-index=\"0\">Modelo de produtos: MU829<\/div>\n<\/div>\n<div data-zone-id=\"0\" data-line-index=\"1\">Material da Concha: Metal<\/div>\n<div data-zone-id=\"0\" data-line-index=\"2\">Tamanho: 87 * 55 * 2,5 mm<\/div>\n<div data-zone-id=\"0\" data-line-index=\"3\">Peso: 16g<\/div>\n<div data-zone-id=\"0\" data-line-index=\"4\">Capacidade: 1 GB, 2 GB, 4FB, 8 GB, 16 GB, 32 GB, 64 GB, 128 GB, 256 GB<\/div>\n<div data-zone-id=\"0\" data-line-index=\"5\">Chip de mem\u00f3ria: Samsung \/ Toshiba \/ Intel \/ Hynix<\/div>\n<div data-zone-id=\"0\" data-line-index=\"6\">Logotipo: logotipo personalizado<\/div>\n<div data-zone-id=\"0\" data-line-index=\"7\">Tipo de interface: USB 2.0 \/ 3.0 de alta velocidade<\/div>\n<div data-zone-id=\"0\" data-line-index=\"8\">Sistema operacional: Windows XP, Windows 7 ou superior, Linux<\/div>\n<div data-zone-id=\"0\" data-line-index=\"9\">Certificado: CE, FCC ROHS<\/div>","protected":false},"featured_media":21828,"template":"","meta":[],"product_cat":[124,137,123],"product_tag":[],"_links":{"self":[{"href":"https:\/\/worthspark.com\/pt\/wp-json\/wp\/v2\/product\/21198"}],"collection":[{"href":"https:\/\/worthspark.com\/pt\/wp-json\/wp\/v2\/product"}],"about":[{"href":"https:\/\/worthspark.com\/pt\/wp-json\/wp\/v2\/types\/product"}],"wp:featuredmedia":[{"embeddable":true,"href":"https:\/\/worthspark.com\/pt\/wp-json\/wp\/v2\/media\/21828"}],"wp:attachment":[{"href":"https:\/\/worthspark.com\/pt\/wp-json\/wp\/v2\/media?parent=21198"}],"wp:term":[{"taxonomy":"product_cat","embeddable":true,"href":"https:\/\/worthspark.com\/pt\/wp-json\/wp\/v2\/product_cat?post=21198"},{"taxonomy":"product_tag","embeddable":true,"href":"https:\/\/worthspark.com\/pt\/wp-json\/wp\/v2\/product_tag?post=21198"}],"curies":[{"name":"wp","href":"https:\/\/api.w.org\/{rel}","templated":true}]}}