{"id":21202,"date":"2021-08-12T11:23:02","date_gmt":"2021-08-12T03:23:02","guid":{"rendered":"https:\/\/worthspark.com\/?post_type=product&#038;p=21202"},"modified":"2021-11-10T16:47:36","modified_gmt":"2021-11-10T08:47:36","slug":"micro-flip-wallet-card-usb","status":"publish","type":"product","link":"https:\/\/worthspark.com\/pt\/produto\/micro-flip-wallet-card-usb\/","title":{"rendered":"Cart\u00e3o USB Micro Flip Wallet"},"content":{"rendered":"<p><strong>Cart\u00e3o USB Flip Wallet<\/strong><\/p>\n<p>O cart\u00e3o e a unidade flash USB est\u00e3o integrados. A unidade flash USB de cart\u00e3o de cr\u00e9dito \u00e9 f\u00e1cil de carregar na carteira. O logotipo e as informa\u00e7\u00f5es promocionais podem ser impressos no cart\u00e3o. \u00c9 uma boa op\u00e7\u00e3o para promo\u00e7\u00e3o, coopera\u00e7\u00e3o comercial e cart\u00f5es de visita. O cart\u00e3o USB Flip Wallet tem um chip de n\u00edvel A integrado, capacidade de 2 GB -256 GB est\u00e1 dispon\u00edvel, bem-vindo para consultar e personalizar<\/p>\n<p>&nbsp;<\/p>","protected":false},"excerpt":{"rendered":"<div data-zone-id=\"0\" data-line-index=\"0\">\n<div data-zone-id=\"0\" data-line-index=\"0\">Modelo de produtos: MU204<\/div>\n<\/div>\n<div data-zone-id=\"0\" data-line-index=\"0\">Material da casca: ABS<\/div>\n<div data-zone-id=\"0\" data-line-index=\"1\">Tamanho: 84 * 52 * 3 mm<\/div>\n<div data-zone-id=\"0\" data-line-index=\"2\">Peso: 10g<\/div>\n<div data-zone-id=\"0\" data-line-index=\"3\">Capacidade: 1 GB, 2 GB, 4FB, 8 GB, 16 GB, 32 GB, 64 GB, 128 GB, 256 GB<\/div>\n<div data-zone-id=\"0\" data-line-index=\"4\">Chip de mem\u00f3ria: Samsung \/ Toshiba \/ Intel \/ Hynix<\/div>\n<div data-zone-id=\"0\" data-line-index=\"5\">Logotipo: logotipo personalizado<\/div>\n<div data-zone-id=\"0\" data-line-index=\"6\">Tipo de interface: USB 2.0 \/ 3.0 de alta velocidade<\/div>\n<div data-zone-id=\"0\" data-line-index=\"7\">Sistema operacional: Windows XP, Windows 7 ou superior, Linux<\/div>\n<div data-zone-id=\"0\" data-line-index=\"8\">Certificado: CE, FCC ROHS<\/div>","protected":false},"featured_media":21698,"template":"","meta":[],"product_cat":[123,124,136],"product_tag":[],"_links":{"self":[{"href":"https:\/\/worthspark.com\/pt\/wp-json\/wp\/v2\/product\/21202"}],"collection":[{"href":"https:\/\/worthspark.com\/pt\/wp-json\/wp\/v2\/product"}],"about":[{"href":"https:\/\/worthspark.com\/pt\/wp-json\/wp\/v2\/types\/product"}],"wp:featuredmedia":[{"embeddable":true,"href":"https:\/\/worthspark.com\/pt\/wp-json\/wp\/v2\/media\/21698"}],"wp:attachment":[{"href":"https:\/\/worthspark.com\/pt\/wp-json\/wp\/v2\/media?parent=21202"}],"wp:term":[{"taxonomy":"product_cat","embeddable":true,"href":"https:\/\/worthspark.com\/pt\/wp-json\/wp\/v2\/product_cat?post=21202"},{"taxonomy":"product_tag","embeddable":true,"href":"https:\/\/worthspark.com\/pt\/wp-json\/wp\/v2\/product_tag?post=21202"}],"curies":[{"name":"wp","href":"https:\/\/api.w.org\/{rel}","templated":true}]}}