{"id":21205,"date":"2021-08-12T11:28:22","date_gmt":"2021-08-12T03:28:22","guid":{"rendered":"https:\/\/worthspark.com\/?post_type=product&#038;p=21205"},"modified":"2021-11-10T16:40:34","modified_gmt":"2021-11-10T08:40:34","slug":"key-usb-flash-drive","status":"publish","type":"product","link":"https:\/\/worthspark.com\/pt\/produto\/key-usb-flash-drive\/","title":{"rendered":"Chave USB Flash Drive"},"content":{"rendered":"<p><strong>Chave USB Flash Drive<\/strong><\/p>\n<p>O pendrive em forma de chave, o design do chaveiro \u00e9 f\u00e1cil de transportar, o chip de n\u00edvel A vem com usb2.0 \/ 3.0, para que a velocidade de transmiss\u00e3o da unidade flash USB seja mais r\u00e1pida. O pre\u00e7o \u00e9 barato, \u00e9 uma boa pedida para promo\u00e7\u00e3o de eventos, seja bem vindo para consultar e customizar<\/p>","protected":false},"excerpt":{"rendered":"<div data-zone-id=\"0\" data-line-index=\"0\">\n<div data-zone-id=\"0\" data-line-index=\"0\">Modelo de produtos: MU218<\/div>\n<\/div>\n<div data-zone-id=\"0\" data-line-index=\"0\">Material da Concha: Metal<\/div>\n<div data-zone-id=\"0\" data-line-index=\"1\">Tamanho: 56 * 23 * 4 mm<\/div>\n<div data-zone-id=\"0\" data-line-index=\"2\">Peso: 5g<\/div>\n<div data-zone-id=\"0\" data-line-index=\"3\">Capacidade: 1 GB, 2 GB, 4FB, 8 GB, 16 GB, 32 GB, 64 GB, 128 GB, 256 GB<\/div>\n<div data-zone-id=\"0\" data-line-index=\"4\">Chip de mem\u00f3ria: Samsung \/ Toshiba \/ Intel \/ Hynix<\/div>\n<div data-zone-id=\"0\" data-line-index=\"5\">Logotipo: logotipo personalizado<\/div>\n<div data-zone-id=\"0\" data-line-index=\"6\">Tipo de interface: USB 2.0 \/ 3.0 de alta velocidade<\/div>\n<div data-zone-id=\"0\" data-line-index=\"7\">Sistema operacional: Windows XP, Windows 7 ou superior, Linux<\/div>\n<div data-zone-id=\"0\" data-line-index=\"8\">Certificado: CE, FCC ROHS<\/div>","protected":false},"featured_media":21714,"template":"","meta":[],"product_cat":[124,136,123],"product_tag":[],"_links":{"self":[{"href":"https:\/\/worthspark.com\/pt\/wp-json\/wp\/v2\/product\/21205"}],"collection":[{"href":"https:\/\/worthspark.com\/pt\/wp-json\/wp\/v2\/product"}],"about":[{"href":"https:\/\/worthspark.com\/pt\/wp-json\/wp\/v2\/types\/product"}],"wp:featuredmedia":[{"embeddable":true,"href":"https:\/\/worthspark.com\/pt\/wp-json\/wp\/v2\/media\/21714"}],"wp:attachment":[{"href":"https:\/\/worthspark.com\/pt\/wp-json\/wp\/v2\/media?parent=21205"}],"wp:term":[{"taxonomy":"product_cat","embeddable":true,"href":"https:\/\/worthspark.com\/pt\/wp-json\/wp\/v2\/product_cat?post=21205"},{"taxonomy":"product_tag","embeddable":true,"href":"https:\/\/worthspark.com\/pt\/wp-json\/wp\/v2\/product_tag?post=21205"}],"curies":[{"name":"wp","href":"https:\/\/api.w.org\/{rel}","templated":true}]}}