{"id":21207,"date":"2021-08-12T11:33:29","date_gmt":"2021-08-12T03:33:29","guid":{"rendered":"https:\/\/worthspark.com\/?post_type=product&#038;p=21207"},"modified":"2021-11-10T16:36:09","modified_gmt":"2021-11-10T08:36:09","slug":"leather-usb-stick","status":"publish","type":"product","link":"https:\/\/worthspark.com\/pt\/produto\/leather-usb-stick\/","title":{"rendered":"Stick USB de couro"},"content":{"rendered":"<p><strong>Stick USB de couro<\/strong><\/p>\n<p>Este \u00e9 um stick USB com uma capa protetora de couro + caixa de metal. O design da capa protetora de couro pode proteger melhor o stick USB e o design do chaveiro \u00e9 f\u00e1cil de transportar. O chip de n\u00edvel A vem com usb2.0 \/ 3.0, o que torna a transmiss\u00e3o do drive USB mais r\u00e1pida.<\/p>","protected":false},"excerpt":{"rendered":"<div data-zone-id=\"0\" data-line-index=\"0\">Modelo de produtos: MU024<\/div>\n<div data-zone-id=\"0\" data-line-index=\"0\">Material da Concha: Metal + Couro<\/div>\n<div data-zone-id=\"0\" data-line-index=\"1\">Tamanho: 62 * 28 * 12 mm<\/div>\n<div data-zone-id=\"0\" data-line-index=\"2\">Peso: 29g<\/div>\n<div data-zone-id=\"0\" data-line-index=\"3\">Capacidade: 1 GB, 2 GB, 4FB, 8 GB, 16 GB, 32 GB, 64 GB, 128 GB, 256 GB<\/div>\n<div data-zone-id=\"0\" data-line-index=\"4\">Chip de mem\u00f3ria: Samsung \/ Toshiba \/ Intel \/ Hynix<\/div>\n<div data-zone-id=\"0\" data-line-index=\"5\">Logotipo: logotipo personalizado<\/div>\n<div data-zone-id=\"0\" data-line-index=\"6\">Tipo de interface: USB 2.0 \/ 3.0 de alta velocidade<\/div>\n<div data-zone-id=\"0\" data-line-index=\"7\">Sistema operacional: Windows XP, Windows 7 ou superior, Linux<\/div>\n<div data-zone-id=\"0\" data-line-index=\"8\">Certificado: CE, FCC ROHS<\/div>","protected":false},"featured_media":22002,"template":"","meta":[],"product_cat":[124,137,123],"product_tag":[],"_links":{"self":[{"href":"https:\/\/worthspark.com\/pt\/wp-json\/wp\/v2\/product\/21207"}],"collection":[{"href":"https:\/\/worthspark.com\/pt\/wp-json\/wp\/v2\/product"}],"about":[{"href":"https:\/\/worthspark.com\/pt\/wp-json\/wp\/v2\/types\/product"}],"wp:featuredmedia":[{"embeddable":true,"href":"https:\/\/worthspark.com\/pt\/wp-json\/wp\/v2\/media\/22002"}],"wp:attachment":[{"href":"https:\/\/worthspark.com\/pt\/wp-json\/wp\/v2\/media?parent=21207"}],"wp:term":[{"taxonomy":"product_cat","embeddable":true,"href":"https:\/\/worthspark.com\/pt\/wp-json\/wp\/v2\/product_cat?post=21207"},{"taxonomy":"product_tag","embeddable":true,"href":"https:\/\/worthspark.com\/pt\/wp-json\/wp\/v2\/product_tag?post=21207"}],"curies":[{"name":"wp","href":"https:\/\/api.w.org\/{rel}","templated":true}]}}