{"id":21208,"date":"2021-08-12T11:36:56","date_gmt":"2021-08-12T03:36:56","guid":{"rendered":"https:\/\/worthspark.com\/?post_type=product&#038;p=21208"},"modified":"2021-11-10T16:34:08","modified_gmt":"2021-11-10T08:34:08","slug":"pen-usb-manufacturer","status":"publish","type":"product","link":"https:\/\/worthspark.com\/pt\/produto\/pen-usb-manufacturer\/","title":{"rendered":"Pen USB pen drive"},"content":{"rendered":"<p><strong>Pen USB pen drive<\/strong><\/p>\n<p>Pen drive USB em forma de caneta, que integra caneta e pen drive, \u00e9 f\u00e1cil de carregar, chip de n\u00edvel A, USB 2.0 \/ 3.0, velocidade de transmiss\u00e3o r\u00e1pida, uma variedade de capacidades para escolher, adequado para coopera\u00e7\u00e3o empresarial, bem-vindo ao consultar e personalizar<\/p>","protected":false},"excerpt":{"rendered":"<div data-zone-id=\"0\" data-line-index=\"0\">\n<div data-zone-id=\"0\" data-line-index=\"0\">Modelo de produtos: MU085<\/div>\n<\/div>\n<div data-zone-id=\"0\" data-line-index=\"0\">Material da Concha: Metal<\/div>\n<div data-zone-id=\"0\" data-line-index=\"1\">Tamanho: 145 * 14 * 14 mm<\/div>\n<div data-zone-id=\"0\" data-line-index=\"2\">Peso: 18g<\/div>\n<div data-zone-id=\"0\" data-line-index=\"3\">Capacidade: 1 GB, 2 GB, 4FB, 8 GB, 16 GB, 32 GB, 64 GB, 128 GB, 256 GB<\/div>\n<div data-zone-id=\"0\" data-line-index=\"4\">Chip de mem\u00f3ria: Samsung \/ Toshiba \/ Intel \/ Hynix<\/div>\n<div data-zone-id=\"0\" data-line-index=\"5\">Logotipo: logotipo personalizado<\/div>\n<div data-zone-id=\"0\" data-line-index=\"6\">Tipo de interface: USB 2.0 \/ 3.0 de alta velocidade<\/div>\n<div data-zone-id=\"0\" data-line-index=\"7\">Sistema operacional: Windows XP, Windows 7 ou superior, Linux<\/div>\n<div data-zone-id=\"0\" data-line-index=\"8\">Certificado: CE, FCC ROHS<\/div>","protected":false},"featured_media":21754,"template":"","meta":[],"product_cat":[124,136,123],"product_tag":[],"_links":{"self":[{"href":"https:\/\/worthspark.com\/pt\/wp-json\/wp\/v2\/product\/21208"}],"collection":[{"href":"https:\/\/worthspark.com\/pt\/wp-json\/wp\/v2\/product"}],"about":[{"href":"https:\/\/worthspark.com\/pt\/wp-json\/wp\/v2\/types\/product"}],"wp:featuredmedia":[{"embeddable":true,"href":"https:\/\/worthspark.com\/pt\/wp-json\/wp\/v2\/media\/21754"}],"wp:attachment":[{"href":"https:\/\/worthspark.com\/pt\/wp-json\/wp\/v2\/media?parent=21208"}],"wp:term":[{"taxonomy":"product_cat","embeddable":true,"href":"https:\/\/worthspark.com\/pt\/wp-json\/wp\/v2\/product_cat?post=21208"},{"taxonomy":"product_tag","embeddable":true,"href":"https:\/\/worthspark.com\/pt\/wp-json\/wp\/v2\/product_tag?post=21208"}],"curies":[{"name":"wp","href":"https:\/\/api.w.org\/{rel}","templated":true}]}}