{"id":22067,"date":"2021-10-16T16:23:33","date_gmt":"2021-10-16T08:23:33","guid":{"rendered":"https:\/\/worthspark.com\/?post_type=product&#038;p=22067"},"modified":"2021-11-10T16:30:54","modified_gmt":"2021-11-10T08:30:54","slug":"wooden-wireless-charger","status":"publish","type":"product","link":"https:\/\/worthspark.com\/pt\/produto\/wooden-wireless-charger\/","title":{"rendered":"Carregador sem fio bambu"},"content":{"rendered":"<p><strong>Carregador sem fio bambu<\/strong><\/p>\n<p>This is an all-wood wireless charger, available in three materials: white maple, walnut, and bamboo. The elegant shape design is a good choice for gifts. In terms of functions, 5w\/7.5w\/10w intelligent frequency conversion charging, which can be used with all qi standard mobile phone, charging with breathing indicator, support logo and packaging box customization, welcome to consult us<\/p>","protected":false},"excerpt":{"rendered":"<div data-zone-id=\"0\" data-line-index=\"1\">\n<div data-zone-id=\"0\" data-line-index=\"0\">Modelo de produtos: WIC009<\/div>\n<\/div>\n<div data-zone-id=\"0\" data-line-index=\"1\">Material: bambu e madeira<\/div>\n<div data-zone-id=\"0\" data-line-index=\"2\">Tamanho: 95 * 95 * 10 mm<\/div>\n<div data-zone-id=\"0\" data-line-index=\"3\">Peso l\u00edquido \u00fanico \/ peso bruto: 43g<\/div>\n<div data-zone-id=\"0\" data-line-index=\"4\">Efici\u00eancia de convers\u00e3o: 73%<\/div>\n<div data-zone-id=\"0\" data-line-index=\"5\">Pot\u00eancia: 10W \/ 7,5W \/ 5W.<\/div>\n<div data-zone-id=\"0\" data-line-index=\"6\">Entrada: DC 5V \/ 2A, 9V \/ 1,67A<\/div>\n<div data-zone-id=\"0\" data-line-index=\"7\">Sa\u00edda: DC 5V \/ 1A, 9V \/ 1,0A (pot\u00eancia 5W, 9W compat\u00edvel com 7,5W)<\/div>\n<div data-zone-id=\"0\" data-line-index=\"8\">Dist\u00e2ncia de transmiss\u00e3o: 5-10 mm<\/div>\n<div data-zone-id=\"0\" data-line-index=\"9\">Fun\u00e7\u00e3o de prote\u00e7\u00e3o: sobrecarga de corrente, curto-circuito, temperatura excessiva, prote\u00e7\u00e3o de corpo estranho<\/div>\n<div data-zone-id=\"0\" data-line-index=\"11\">Logotipo: logotipo personalizado<\/div>\n<div data-zone-id=\"0\" data-line-index=\"12\">Certificado: CE, FCC ROHS<\/div>","protected":false},"featured_media":22068,"template":"","meta":[],"product_cat":[124,139],"product_tag":[],"_links":{"self":[{"href":"https:\/\/worthspark.com\/pt\/wp-json\/wp\/v2\/product\/22067"}],"collection":[{"href":"https:\/\/worthspark.com\/pt\/wp-json\/wp\/v2\/product"}],"about":[{"href":"https:\/\/worthspark.com\/pt\/wp-json\/wp\/v2\/types\/product"}],"wp:featuredmedia":[{"embeddable":true,"href":"https:\/\/worthspark.com\/pt\/wp-json\/wp\/v2\/media\/22068"}],"wp:attachment":[{"href":"https:\/\/worthspark.com\/pt\/wp-json\/wp\/v2\/media?parent=22067"}],"wp:term":[{"taxonomy":"product_cat","embeddable":true,"href":"https:\/\/worthspark.com\/pt\/wp-json\/wp\/v2\/product_cat?post=22067"},{"taxonomy":"product_tag","embeddable":true,"href":"https:\/\/worthspark.com\/pt\/wp-json\/wp\/v2\/product_tag?post=22067"}],"curies":[{"name":"wp","href":"https:\/\/api.w.org\/{rel}","templated":true}]}}