{"id":22079,"date":"2021-10-16T16:44:32","date_gmt":"2021-10-16T08:44:32","guid":{"rendered":"https:\/\/worthspark.com\/?post_type=product&#038;p=22079"},"modified":"2021-11-10T16:28:22","modified_gmt":"2021-11-10T08:28:22","slug":"22079","status":"publish","type":"product","link":"https:\/\/worthspark.com\/pt\/produto\/22079\/","title":{"rendered":"Carregador sem fio de madeira personalizado"},"content":{"rendered":"<div data-zone-id=\"0\" data-line-index=\"0\"><strong>Wood Wireless Charger<\/strong><\/div>\n<div data-zone-id=\"0\" data-line-index=\"0\">\u00a0 This is a wireless charger with metal base + wooden case, 5w\/7.5w\/10w smart frequency conversion charging, suitable for all Qi standard mobile phones, is a good choice for gifts and promotions, supports logo and packaging box customization, welcome to consult<\/div>","protected":false},"excerpt":{"rendered":"<div data-zone-id=\"0\" data-line-index=\"1\">Modelo de produtos: WIC023<\/div>\n<div data-zone-id=\"0\" data-line-index=\"1\">Material: liga de alum\u00ednio + material de madeira<\/div>\n<div data-zone-id=\"0\" data-line-index=\"2\">Tecnologia de superf\u00edcie: cor prim\u00e1ria<\/div>\n<div data-zone-id=\"0\" data-line-index=\"3\">Tamanho: 100 * 7 mm<\/div>\n<div data-zone-id=\"0\" data-line-index=\"4\">Peso l\u00edquido: 70g<\/div>\n<div data-zone-id=\"0\" data-line-index=\"5\">Efici\u00eancia de convers\u00e3o: 73%<\/div>\n<div data-zone-id=\"0\" data-line-index=\"6\">Entrada: DC 5V \/ 2A, 9V \/ 1,67A<\/div>\n<div data-zone-id=\"0\" data-line-index=\"7\">Sa\u00edda: DC 5V \/ 1A, 9V \/ 1,0A (pot\u00eancia 5W, 9W compat\u00edvel com 7,5W)<\/div>\n<div data-zone-id=\"0\" data-line-index=\"8\">Dist\u00e2ncia de transmiss\u00e3o: 5-10 mm<\/div>\n<div data-zone-id=\"0\" data-line-index=\"9\">Prote\u00e7\u00e3o de seguran\u00e7a: sobrecarga de corrente, superaquecimento<\/div>\n<div data-zone-id=\"0\" data-line-index=\"10\">Processo de LOGO: impress\u00e3o em seda, impress\u00e3o em cores<\/div>\n<div data-zone-id=\"0\" data-line-index=\"11\">Logotipo: logotipo personalizado<\/div>\n<div data-zone-id=\"0\" data-line-index=\"12\">Certificado: CE, FCC ROHS<\/div>","protected":false},"featured_media":22080,"template":"","meta":[],"product_cat":[124,139],"product_tag":[],"_links":{"self":[{"href":"https:\/\/worthspark.com\/pt\/wp-json\/wp\/v2\/product\/22079"}],"collection":[{"href":"https:\/\/worthspark.com\/pt\/wp-json\/wp\/v2\/product"}],"about":[{"href":"https:\/\/worthspark.com\/pt\/wp-json\/wp\/v2\/types\/product"}],"wp:featuredmedia":[{"embeddable":true,"href":"https:\/\/worthspark.com\/pt\/wp-json\/wp\/v2\/media\/22080"}],"wp:attachment":[{"href":"https:\/\/worthspark.com\/pt\/wp-json\/wp\/v2\/media?parent=22079"}],"wp:term":[{"taxonomy":"product_cat","embeddable":true,"href":"https:\/\/worthspark.com\/pt\/wp-json\/wp\/v2\/product_cat?post=22079"},{"taxonomy":"product_tag","embeddable":true,"href":"https:\/\/worthspark.com\/pt\/wp-json\/wp\/v2\/product_tag?post=22079"}],"curies":[{"name":"wp","href":"https:\/\/api.w.org\/{rel}","templated":true}]}}