{"id":22092,"date":"2021-10-16T16:50:28","date_gmt":"2021-10-16T08:50:28","guid":{"rendered":"https:\/\/worthspark.com\/?post_type=product&#038;p=22092"},"modified":"2021-11-10T16:16:18","modified_gmt":"2021-11-10T08:16:18","slug":"magnetic-wireless-charger","status":"publish","type":"product","link":"https:\/\/worthspark.com\/pt\/produto\/magnetic-wireless-charger\/","title":{"rendered":"Carregador magn\u00e9tico sem fio para iphone"},"content":{"rendered":"<div data-zone-id=\"0\" data-line-index=\"0\"><strong>Carregador sem fio Bwst para Iphone<\/strong><\/div>\n<div data-zone-id=\"0\" data-line-index=\"0\">\u00a0 \u00a0O mini carregamento sem fio magn\u00e9tico \u00e9 conectado diretamente ao celular para carregar e aproveitar o prazer da portabilidade. Carregamento r\u00e1pido de 15W, compat\u00edvel com produtos padr\u00e3o da tecnologia de carregamento sem fio Qi, bem-vindo para consultar e personalizar<\/div>\n<p>&nbsp;<\/p>\n<p>&nbsp;<\/p>","protected":false},"excerpt":{"rendered":"<div data-zone-id=\"0\" data-line-index=\"0\">Modelo: WIC027<\/div>\n<div data-zone-id=\"0\" data-line-index=\"1\">Material: liga de alum\u00ednio + material acr\u00edlico<\/div>\n<div data-zone-id=\"0\" data-line-index=\"2\">Tamanho: 52 \u00d7 5,2 mm<\/div>\n<div data-zone-id=\"0\" data-line-index=\"3\">Peso l\u00edquido: 44g<\/div>\n<div data-zone-id=\"0\" data-line-index=\"4\">Efici\u00eancia de convers\u00e3o: 75%<\/div>\n<div data-zone-id=\"0\" data-line-index=\"5\">Entrada: DC 5V \/ 2A, 9V \/ 2.1A<\/div>\n<div data-zone-id=\"0\" data-line-index=\"6\">Sa\u00edda: DC 5 V \/ 1 A, 7,5 V \/ 1,0 A, 8,7 V \/ 1,6 A<\/div>\n<div data-zone-id=\"0\" data-line-index=\"7\">Dist\u00e2ncia de transmiss\u00e3o: 5-10 mm<\/div>\n<div data-zone-id=\"0\" data-line-index=\"8\">Logotipo: logotipo personalizado<\/div>\n<div data-zone-id=\"0\" data-line-index=\"10\">Certificado: CE, FCC ROHS<\/div>","protected":false},"featured_media":22099,"template":"","meta":[],"product_cat":[124,139],"product_tag":[],"_links":{"self":[{"href":"https:\/\/worthspark.com\/pt\/wp-json\/wp\/v2\/product\/22092"}],"collection":[{"href":"https:\/\/worthspark.com\/pt\/wp-json\/wp\/v2\/product"}],"about":[{"href":"https:\/\/worthspark.com\/pt\/wp-json\/wp\/v2\/types\/product"}],"wp:featuredmedia":[{"embeddable":true,"href":"https:\/\/worthspark.com\/pt\/wp-json\/wp\/v2\/media\/22099"}],"wp:attachment":[{"href":"https:\/\/worthspark.com\/pt\/wp-json\/wp\/v2\/media?parent=22092"}],"wp:term":[{"taxonomy":"product_cat","embeddable":true,"href":"https:\/\/worthspark.com\/pt\/wp-json\/wp\/v2\/product_cat?post=22092"},{"taxonomy":"product_tag","embeddable":true,"href":"https:\/\/worthspark.com\/pt\/wp-json\/wp\/v2\/product_tag?post=22092"}],"curies":[{"name":"wp","href":"https:\/\/api.w.org\/{rel}","templated":true}]}}