{"id":22100,"date":"2021-10-16T16:57:14","date_gmt":"2021-10-16T08:57:14","guid":{"rendered":"https:\/\/worthspark.com\/?post_type=product&#038;p=22100"},"modified":"2021-11-10T16:15:03","modified_gmt":"2021-11-10T08:15:03","slug":"22100","status":"publish","type":"product","link":"https:\/\/worthspark.com\/pt\/produto\/22100\/","title":{"rendered":"Tapete de rato de carregamento sem fios"},"content":{"rendered":"<p><strong>Tapete de carregamento sem fio<\/strong><\/p>\n<p>Este \u00e9 um carregador sem fio e tamb\u00e9m um mouse pad, permitindo que voc\u00ea carregue enquanto atua como um mouse pad, tornando a \u00e1rea de trabalho mais simples. Al\u00e9m disso, pode ser usado como um suporte de telefone m\u00f3vel<\/p>\n<p>&nbsp;<\/p>\n<p>&nbsp;<\/p>","protected":false},"excerpt":{"rendered":"<div data-zone-id=\"0\" data-line-index=\"1\">Modelo de produtos: WIC028<\/div>\n<div data-zone-id=\"0\" data-line-index=\"1\">Material: PU + material de fibra<\/div>\n<div data-zone-id=\"0\" data-line-index=\"2\">Tamanho: 300 * 215 mm<\/div>\n<div data-zone-id=\"0\" data-line-index=\"3\">Peso l\u00edquido: 85g<\/div>\n<div data-zone-id=\"0\" data-line-index=\"4\">Padr\u00e3o: Qi<\/div>\n<div data-zone-id=\"0\" data-line-index=\"5\">Efici\u00eancia de convers\u00e3o: 78%<\/div>\n<div data-zone-id=\"0\" data-line-index=\"6\">Entrada: DC 5V \/ 2A, 9V \/ 2.0A<\/div>\n<div data-zone-id=\"0\" data-line-index=\"7\">Sa\u00edda: DC 5V \/ 1A, 7,5V \/ 1,0A, 9,06V \/ 1,01A<\/div>\n<div data-zone-id=\"0\" data-line-index=\"8\">Dist\u00e2ncia de transmiss\u00e3o: 2-8mm<\/div>\n<div data-zone-id=\"0\" data-line-index=\"9\">Produtos suportados: Compat\u00edvel com produtos padr\u00e3o da tecnologia de carregamento sem fio Qi<\/div>\n<div data-zone-id=\"0\" data-line-index=\"10\">Logotipo: logotipo personalizado<\/div>\n<div data-zone-id=\"0\" data-line-index=\"11\">Certificado: CE, FCC ROHS<\/div>","protected":false},"featured_media":22101,"template":"","meta":[],"product_cat":[124,139],"product_tag":[],"_links":{"self":[{"href":"https:\/\/worthspark.com\/pt\/wp-json\/wp\/v2\/product\/22100"}],"collection":[{"href":"https:\/\/worthspark.com\/pt\/wp-json\/wp\/v2\/product"}],"about":[{"href":"https:\/\/worthspark.com\/pt\/wp-json\/wp\/v2\/types\/product"}],"wp:featuredmedia":[{"embeddable":true,"href":"https:\/\/worthspark.com\/pt\/wp-json\/wp\/v2\/media\/22101"}],"wp:attachment":[{"href":"https:\/\/worthspark.com\/pt\/wp-json\/wp\/v2\/media?parent=22100"}],"wp:term":[{"taxonomy":"product_cat","embeddable":true,"href":"https:\/\/worthspark.com\/pt\/wp-json\/wp\/v2\/product_cat?post=22100"},{"taxonomy":"product_tag","embeddable":true,"href":"https:\/\/worthspark.com\/pt\/wp-json\/wp\/v2\/product_tag?post=22100"}],"curies":[{"name":"wp","href":"https:\/\/api.w.org\/{rel}","templated":true}]}}