{"id":22600,"date":"2021-11-13T14:41:12","date_gmt":"2021-11-13T06:41:12","guid":{"rendered":"https:\/\/worthspark.com\/?post_type=product&#038;p=22600"},"modified":"2021-11-22T16:12:08","modified_gmt":"2021-11-22T08:12:08","slug":"magnetic-wireless-power-bank","status":"publish","type":"product","link":"https:\/\/worthspark.com\/pt\/produto\/magnetic-wireless-power-bank\/","title":{"rendered":"Banco magn\u00e9tico de energia sem fio"},"content":{"rendered":"<p><strong>Power bank magn\u00e9tico sem fio<\/strong><\/p>\n<p>Capacidade super grande de 5000 mAh, bateria de longa dura\u00e7\u00e3o, formato pequeno \u00e9 f\u00e1cil de transportar, carregamento r\u00e1pido de PD, carregamento sem fio mais r\u00e1pido, consulte e personalize<\/p>","protected":false},"excerpt":{"rendered":"<p>N\u00ba do item: WIC036<\/p>\n<p>Magsafe Battery Pack<\/p>\n<p>Material: ABS + PC<\/p>\n<p>Entrada: 5V 2A<\/p>\n<p>Interface de entrada: Lightning<\/p>\n<p>Sa\u00edda: 5V 2A<\/p>\n<p>Tipo de bateria: bateria de l\u00edtio<\/p>\n<p>Capacidade da bateria: 5000Mah<\/p>\n<p>Tamanho do produto: 96 * 64 * 12 mm<\/p>\n<p>Peso do produto: 97g<\/p>\n<p>Tamanho do pacote: 115 * 86 * 26mm<\/p>\n<p>Pacote com Peso do Produto: 114g<\/p>\n<p>Conte\u00fado da caixa: Pacote de bateria Magsafe, manual<\/p>\n<p>Telefone de suporte:<\/p>\n<p>iPhone 13 Pro, iPhone 13 Pro Max iPhone 13 mini, iPhone 13, iPhone 12 Pro, iPhone 12 Pro Max, iPhone 12 mini, iPhone 12<\/p>","protected":false},"featured_media":22632,"template":"","meta":[],"product_cat":[124,139],"product_tag":[],"_links":{"self":[{"href":"https:\/\/worthspark.com\/pt\/wp-json\/wp\/v2\/product\/22600"}],"collection":[{"href":"https:\/\/worthspark.com\/pt\/wp-json\/wp\/v2\/product"}],"about":[{"href":"https:\/\/worthspark.com\/pt\/wp-json\/wp\/v2\/types\/product"}],"wp:featuredmedia":[{"embeddable":true,"href":"https:\/\/worthspark.com\/pt\/wp-json\/wp\/v2\/media\/22632"}],"wp:attachment":[{"href":"https:\/\/worthspark.com\/pt\/wp-json\/wp\/v2\/media?parent=22600"}],"wp:term":[{"taxonomy":"product_cat","embeddable":true,"href":"https:\/\/worthspark.com\/pt\/wp-json\/wp\/v2\/product_cat?post=22600"},{"taxonomy":"product_tag","embeddable":true,"href":"https:\/\/worthspark.com\/pt\/wp-json\/wp\/v2\/product_tag?post=22600"}],"curies":[{"name":"wp","href":"https:\/\/api.w.org\/{rel}","templated":true}]}}