{"id":23633,"date":"2022-07-27T11:45:57","date_gmt":"2022-07-27T03:45:57","guid":{"rendered":"https:\/\/worthspark.com\/?post_type=product&#038;p=23633"},"modified":"2022-07-27T11:45:57","modified_gmt":"2022-07-27T03:45:57","slug":"removable-bamboo-mobile-phone-holder-wireless-charger","status":"publish","type":"product","link":"https:\/\/worthspark.com\/pt\/produto\/removable-bamboo-mobile-phone-holder-wireless-charger\/","title":{"rendered":"Carregador sem fio de suporte de celular de bambu remov\u00edvel"},"content":{"rendered":"","protected":false},"excerpt":{"rendered":"<p>Products model\uff1aWIC040<br \/>\nMaterial: bamboo<br \/>\nSize: 70*85*135mm<br \/>\nSingle net weight\/gross weight: 92g<br \/>\nConversion efficiency: \u226575%<br \/>\nPot\u00eancia: 10W \/ 7,5W \/ 5W.<br \/>\nEntrada: DC 5V \/ 2A, 9V \/ 1,67A<br \/>\nSa\u00edda: DC 5V \/ 1A, 9V \/ 1,0A (pot\u00eancia 5W, 9W compat\u00edvel com 7,5W)<br \/>\nDist\u00e2ncia de transmiss\u00e3o: 5-10 mm<br \/>\nFun\u00e7\u00e3o de prote\u00e7\u00e3o: sobrecarga de corrente, curto-circuito, temperatura excessiva, prote\u00e7\u00e3o de corpo estranho<br \/>\nLogotipo: logotipo personalizado<br \/>\nCertificado: CE, FCC ROHS<\/p>","protected":false},"featured_media":23635,"template":"","meta":[],"product_cat":[124,139],"product_tag":[148,149,150],"_links":{"self":[{"href":"https:\/\/worthspark.com\/pt\/wp-json\/wp\/v2\/product\/23633"}],"collection":[{"href":"https:\/\/worthspark.com\/pt\/wp-json\/wp\/v2\/product"}],"about":[{"href":"https:\/\/worthspark.com\/pt\/wp-json\/wp\/v2\/types\/product"}],"wp:featuredmedia":[{"embeddable":true,"href":"https:\/\/worthspark.com\/pt\/wp-json\/wp\/v2\/media\/23635"}],"wp:attachment":[{"href":"https:\/\/worthspark.com\/pt\/wp-json\/wp\/v2\/media?parent=23633"}],"wp:term":[{"taxonomy":"product_cat","embeddable":true,"href":"https:\/\/worthspark.com\/pt\/wp-json\/wp\/v2\/product_cat?post=23633"},{"taxonomy":"product_tag","embeddable":true,"href":"https:\/\/worthspark.com\/pt\/wp-json\/wp\/v2\/product_tag?post=23633"}],"curies":[{"name":"wp","href":"https:\/\/api.w.org\/{rel}","templated":true}]}}